{"id":5637,"date":"2022-10-13T08:04:19","date_gmt":"2022-10-13T08:04:19","guid":{"rendered":"https:\/\/premierhousespanama.com\/index.php\/about-us-2\/"},"modified":"2023-08-07T05:25:51","modified_gmt":"2023-08-07T05:25:51","slug":"about-us-2","status":"publish","type":"page","link":"https:\/\/premierhousespanama.com\/index.php\/about-us-2\/","title":{"rendered":"Nosotros"},"content":{"rendered":"\n<div class=\"wp-block-uagb-container uagb-block-e52e3a3f alignfull uagb-is-root-container\"><div class=\"uagb-container-inner-blocks-wrap\">\n<div class=\"wp-block-uagb-advanced-heading uagb-block-01920921\"><h1 class=\"uagb-heading-text\">NOSOTROS<\/h1><div class=\"uagb-separator\"><\/div><\/div>\n<\/div><\/div>\n\n\n\n<div class=\"wp-block-uagb-container uagb-block-1019bfa7 alignfull uagb-is-root-container\"><div class=\"uagb-container-inner-blocks-wrap\">\n<div class=\"wp-block-uagb-info-box uagb-block-0a390ff1 uagb-infobox__content-wrap  uagb-infobox-icon-above-title uagb-infobox-image-valign-top\"><div class=\"uagb-ifb-content\"><div class=\"uagb-ifb-title-wrap\"><h2 class=\"uagb-ifb-title\">\u00bfQuienes Somos?<\/h2><\/div><div class=\"uagb-ifb-separator\"><\/div><\/div><\/div>\n\n\n\n<div class=\"wp-block-uagb-container uagb-block-4799a34e\">\n<div class=\"wp-block-uagb-container uagb-block-d311256c\">\n<p><strong>PREMIER HOUSES<\/strong> es una empresa dedicada y especializada en el desarrollo inmobiliario. Somos un equipo de profesionales multidisciplinario con experiencia enfocada a la gesti\u00f3n inmobiliaria, que comprende: Dise\u00f1o y Planificaci\u00f3n, An\u00e1lisis de Mercados, Comercializaci\u00f3n Inmobiliaria, Project Management, Direcci\u00f3n y Administraci\u00f3n de Proyectos.<\/p>\n\n\n\n<p>En cada proyecto buscamos lograr el mejor retorno de inversi\u00f3n tanto para el proyecto, como para el consumidor final. Buscamos la excelencia en cada fase del desarrollo, lo que se traduce en generar proyectos que dejan huella y marcan tendencias.<\/p>\n<\/div>\n\n\n\n<div class=\"wp-block-uagb-container uagb-block-0b538de9\">\n<p>Somos un equipo multidisciplinario conformado por:\u200b<br><\/p>\n\n\n\n<ul class=\"wp-block-list\">\n<li>Direcci\u00f3n General<\/li>\n\n\n\n<li>Area Administrativa<\/li>\n\n\n\n<li>Departamento de Arquitectura y Planificaci\u00f3n<\/li>\n\n\n\n<li>Departamento de Producci\u00f3n<\/li>\n\n\n\n<li>Project Management<\/li>\n\n\n\n<li>Departamento de ventas y comercializaci\u00f3n&nbsp;<\/li>\n\n\n\n<li>Mercadeo&nbsp;<\/li>\n\n\n\n<li>Escrituraciones y Legales<\/li>\n\n\n\n<li>Gesti\u00f3n de Tr\u00e1mites<\/li>\n\n\n\n<li>Departamento Financiero y Contabilidad<\/li>\n<\/ul>\n<\/div>\n<\/div>\n<\/div><\/div>\n\n\n\n<div class=\"wp-block-uagb-container uagb-block-cfeb5f04 alignfull uagb-is-root-container\"><div class=\"uagb-container-inner-blocks-wrap\">\n<div class=\"wp-block-uagb-container uagb-block-30a86598\">\n<div style=\"height:50px\" aria-hidden=\"true\" class=\"wp-block-spacer\"><\/div>\n\n\n\n<div class=\"wp-block-uagb-info-box uagb-block-3960f2de uagb-infobox__content-wrap  uagb-infobox-icon-above-title uagb-infobox-image-valign-top\"><div class=\"uagb-ifb-content\"><div class=\"uagb-ifb-icon-wrap\"><svg xmlns=\"https:\/\/www.w3.org\/2000\/svg\" viewBox=\"0 0 576 512\"><path d=\"M279.6 160.4C282.4 160.1 285.2 160 288 160C341 160 384 202.1 384 256C384 309 341 352 288 352C234.1 352 192 309 192 256C192 253.2 192.1 250.4 192.4 247.6C201.7 252.1 212.5 256 224 256C259.3 256 288 227.3 288 192C288 180.5 284.1 169.7 279.6 160.4zM480.6 112.6C527.4 156 558.7 207.1 573.5 243.7C576.8 251.6 576.8 260.4 573.5 268.3C558.7 304 527.4 355.1 480.6 399.4C433.5 443.2 368.8 480 288 480C207.2 480 142.5 443.2 95.42 399.4C48.62 355.1 17.34 304 2.461 268.3C-.8205 260.4-.8205 251.6 2.461 243.7C17.34 207.1 48.62 156 95.42 112.6C142.5 68.84 207.2 32 288 32C368.8 32 433.5 68.84 480.6 112.6V112.6zM288 112C208.5 112 144 176.5 144 256C144 335.5 208.5 400 288 400C367.5 400 432 335.5 432 256C432 176.5 367.5 112 288 112z\"><\/path><\/svg><\/div><div class=\"uagb-ifb-title-wrap\"><h3 class=\"uagb-ifb-title\">NUESTRA VISI\u00d3N<\/h3><\/div><p class=\"uagb-ifb-desc\">Trabajamos enfocados en liderar el mercado residencial a trav\u00e9s de una oferta s\u00f3lida, innovaci\u00f3n de nuestras propuestas, incorporaci\u00f3n de las \u00faltimas tecnolog\u00edas y avances en materiales y acabados.<br><\/p><\/div><\/div>\n\n\n\n<div style=\"height:50px\" aria-hidden=\"true\" class=\"wp-block-spacer\"><\/div>\n<\/div>\n\n\n\n<div class=\"wp-block-uagb-info-box uagb-block-c87e7995 uagb-infobox__content-wrap  uagb-infobox-icon-above-title uagb-infobox-image-valign-top\"><div class=\"uagb-ifb-content\"><div class=\"uagb-ifb-icon-wrap\"><svg xmlns=\"https:\/\/www.w3.org\/2000\/svg\" viewBox=\"0 0 512 512\"><path d=\"M288 256C288 273.7 273.7 288 256 288C238.3 288 224 273.7 224 256C224 238.3 238.3 224 256 224C273.7 224 288 238.3 288 256zM112 256C112 176.5 176.5 112 256 112C335.5 112 400 176.5 400 256C400 335.5 335.5 400 256 400C176.5 400 112 335.5 112 256zM256 336C300.2 336 336 300.2 336 256C336 211.8 300.2 176 256 176C211.8 176 176 211.8 176 256C176 300.2 211.8 336 256 336zM512 256C512 397.4 397.4 512 256 512C114.6 512 0 397.4 0 256C0 114.6 114.6 0 256 0C397.4 0 512 114.6 512 256zM256 64C149.1 64 64 149.1 64 256C64 362 149.1 448 256 448C362 448 448 362 448 256C448 149.1 362 64 256 64z\"><\/path><\/svg><\/div><div class=\"uagb-ifb-title-wrap\"><h3 class=\"uagb-ifb-title\"><strong>NUESTRA MISI\u00d3N<\/strong><\/h3><\/div><p class=\"uagb-ifb-desc\"><strong>Creamos comunidades residenciales, bas\u00e1ndonos en la premisa del dise\u00f1o funcional, con los m\u00e1s altos est\u00e1ndares de calidad, garantizando la confianza, satisfacci\u00f3n y rentabilidad de la inversi\u00f3n de nuestros clientes.<\/strong><\/p><\/div><\/div>\n<\/div><\/div>\n","protected":false},"excerpt":{"rendered":"<p>NOSOTROS PREMIER HOUSES es una empresa dedicada y especializada en el desarrollo inmobiliario. Somos un equipo de profesionales multidisciplinario con experiencia enfocada a la gesti\u00f3n inmobiliaria, que comprende: Dise\u00f1o y Planificaci\u00f3n, An\u00e1lisis de Mercados, Comercializaci\u00f3n Inmobiliaria, Project Management, Direcci\u00f3n y Administraci\u00f3n de Proyectos. En cada proyecto buscamos lograr el mejor retorno de inversi\u00f3n tanto para &hellip;<\/p>\n<p class=\"read-more\"> <a class=\"\" href=\"https:\/\/premierhousespanama.com\/index.php\/about-us-2\/\"> <span class=\"screen-reader-text\">Nosotros<\/span> Leer m\u00e1s &raquo;<\/a><\/p>\n","protected":false},"author":1,"featured_media":0,"parent":0,"menu_order":0,"comment_status":"closed","ping_status":"closed","template":"","meta":{"_uag_custom_page_level_css":"","site-sidebar-layout":"default","site-content-layout":"","ast-site-content-layout":"","site-content-style":"default","site-sidebar-style":"default","ast-global-header-display":"","ast-banner-title-visibility":"","ast-main-header-display":"","ast-hfb-above-header-display":"","ast-hfb-below-header-display":"","ast-hfb-mobile-header-display":"","site-post-title":"disabled","ast-breadcrumbs-content":"","ast-featured-img":"","footer-sml-layout":"","theme-transparent-header-meta":"enabled","adv-header-id-meta":"","stick-header-meta":"","header-above-stick-meta":"","header-main-stick-meta":"","header-below-stick-meta":"","astra-migrate-meta-layouts":"","ast-page-background-enabled":"default","ast-page-background-meta":{"desktop":{"background-color":"var(--ast-global-color-4)","background-image":"","background-repeat":"repeat","background-position":"center center","background-size":"auto","background-attachment":"scroll","background-type":"","background-media":"","overlay-type":"","overlay-color":"","overlay-gradient":""},"tablet":{"background-color":"","background-image":"","background-repeat":"repeat","background-position":"center center","background-size":"auto","background-attachment":"scroll","background-type":"","background-media":"","overlay-type":"","overlay-color":"","overlay-gradient":""},"mobile":{"background-color":"","background-image":"","background-repeat":"repeat","background-position":"center center","background-size":"auto","background-attachment":"scroll","background-type":"","background-media":"","overlay-type":"","overlay-color":"","overlay-gradient":""}},"ast-content-background-meta":{"desktop":{"background-color":"var(--ast-global-color-5)","background-image":"","background-repeat":"repeat","background-position":"center center","background-size":"auto","background-attachment":"scroll","background-type":"","background-media":"","overlay-type":"","overlay-color":"","overlay-gradient":""},"tablet":{"background-color":"var(--ast-global-color-5)","background-image":"","background-repeat":"repeat","background-position":"center center","background-size":"auto","background-attachment":"scroll","background-type":"","background-media":"","overlay-type":"","overlay-color":"","overlay-gradient":""},"mobile":{"background-color":"var(--ast-global-color-5)","background-image":"","background-repeat":"repeat","background-position":"center center","background-size":"auto","background-attachment":"scroll","background-type":"","background-media":"","overlay-type":"","overlay-color":"","overlay-gradient":""}},"footnotes":""},"class_list":["post-5637","page","type-page","status-publish","hentry"],"uagb_featured_image_src":{"full":false,"thumbnail":false,"medium":false,"medium_large":false,"large":false,"1536x1536":false,"2048x2048":false},"uagb_author_info":{"display_name":"admin","author_link":"https:\/\/premierhousespanama.com\/index.php\/author\/admin_panel\/"},"uagb_comment_info":0,"uagb_excerpt":"NOSOTROS PREMIER HOUSES es una empresa dedicada y especializada en el desarrollo inmobiliario. Somos un equipo de profesionales multidisciplinario con experiencia enfocada a la gesti\u00f3n inmobiliaria, que comprende: Dise\u00f1o y Planificaci\u00f3n, An\u00e1lisis de Mercados, Comercializaci\u00f3n Inmobiliaria, Project Management, Direcci\u00f3n y Administraci\u00f3n de Proyectos. En cada proyecto buscamos lograr el mejor retorno de inversi\u00f3n tanto para&hellip;","_links":{"self":[{"href":"https:\/\/premierhousespanama.com\/index.php\/wp-json\/wp\/v2\/pages\/5637","targetHints":{"allow":["GET"]}}],"collection":[{"href":"https:\/\/premierhousespanama.com\/index.php\/wp-json\/wp\/v2\/pages"}],"about":[{"href":"https:\/\/premierhousespanama.com\/index.php\/wp-json\/wp\/v2\/types\/page"}],"author":[{"embeddable":true,"href":"https:\/\/premierhousespanama.com\/index.php\/wp-json\/wp\/v2\/users\/1"}],"replies":[{"embeddable":true,"href":"https:\/\/premierhousespanama.com\/index.php\/wp-json\/wp\/v2\/comments?post=5637"}],"version-history":[{"count":22,"href":"https:\/\/premierhousespanama.com\/index.php\/wp-json\/wp\/v2\/pages\/5637\/revisions"}],"predecessor-version":[{"id":5978,"href":"https:\/\/premierhousespanama.com\/index.php\/wp-json\/wp\/v2\/pages\/5637\/revisions\/5978"}],"wp:attachment":[{"href":"https:\/\/premierhousespanama.com\/index.php\/wp-json\/wp\/v2\/media?parent=5637"}],"curies":[{"name":"wp","href":"https:\/\/api.w.org\/{rel}","templated":true}]}}